{"id":22827,"date":"2023-06-21T10:23:05","date_gmt":"2023-06-21T08:23:05","guid":{"rendered":"https:\/\/crousandgo.crous-poitiers.fr\/?page_id=22827"},"modified":"2025-09-04T14:33:28","modified_gmt":"2025-09-04T12:33:28","slug":"crousgo-accueil","status":"publish","type":"page","link":"https:\/\/crousandgo.crous-nantes.fr\/nantes\/","title":{"rendered":"Crous&amp;Go Accueil"},"content":{"rendered":"\t\t<div data-elementor-type=\"wp-page\" data-elementor-id=\"22827\" class=\"elementor elementor-22827\" data-elementor-post-type=\"page\">\n\t\t\t\t\t\t<section class=\"elementor-section elementor-top-section elementor-element elementor-element-10157df elementor-section-boxed elementor-section-height-default elementor-section-height-default\" data-id=\"10157df\" data-element_type=\"section\" data-e-type=\"section\">\n\t\t\t\t\t\t<div class=\"elementor-container elementor-column-gap-default\">\n\t\t\t\t\t<div class=\"elementor-column elementor-col-100 elementor-top-column elementor-element elementor-element-8411e2e\" data-id=\"8411e2e\" data-element_type=\"column\" data-e-type=\"column\">\n\t\t\t<div class=\"elementor-widget-wrap elementor-element-populated\">\n\t\t\t\t\t\t<div class=\"elementor-element elementor-element-32e7e64 elementor-widget elementor-widget-image\" data-id=\"32e7e64\" data-element_type=\"widget\" data-e-type=\"widget\" data-widget_type=\"image.default\">\n\t\t\t\t<div class=\"elementor-widget-container\">\n\t\t\t\t\t\t\t\t\t\t\t\t\t\t\t<img fetchpriority=\"high\" decoding=\"async\" width=\"768\" height=\"104\" src=\"https:\/\/crousandgo.crous-nantes.fr\/nantes\/wp-content\/uploads\/sites\/2\/2024\/02\/LIEUX-CROUS-AND-GO-NANTES-3.png\" class=\"attachment-medium_large size-medium_large wp-image-25300\" alt=\"\" \/>\t\t\t\t\t\t\t\t\t\t\t\t\t\t\t<\/div>\n\t\t\t\t<\/div>\n\t\t\t\t\t<\/div>\n\t\t<\/div>\n\t\t\t\t\t<\/div>\n\t\t<\/section>\n\t\t\t\t<section class=\"elementor-section elementor-top-section elementor-element elementor-element-d917059 elementor-section-boxed elementor-section-height-default elementor-section-height-default\" data-id=\"d917059\" data-element_type=\"section\" data-e-type=\"section\">\n\t\t\t\t\t\t<div class=\"elementor-container elementor-column-gap-default\">\n\t\t\t\t\t<div class=\"elementor-column elementor-col-100 elementor-top-column elementor-element elementor-element-9f3919e\" data-id=\"9f3919e\" data-element_type=\"column\" data-e-type=\"column\">\n\t\t\t<div class=\"elementor-widget-wrap elementor-element-populated\">\n\t\t\t\t\t\t<div class=\"elementor-element elementor-element-f9dba77 elementor-widget elementor-widget-html\" data-id=\"f9dba77\" data-element_type=\"widget\" data-e-type=\"widget\" data-widget_type=\"html.default\">\n\t\t\t\t<div class=\"elementor-widget-container\">\n\t\t\t\t\t<CENTER>\n<a href=\"https:\/\/crousandgo.crous-nantes.fr\/nantes\/categories-menu\/\"><img decoding=\"async\" src=\"https:\/\/crousandgo.crous-nantes.fr\/nantes\/wp-content\/uploads\/sites\/2\/2024\/03\/BOUTONS-MENU.png\" width=24% alt=\"image 1\" style=\"margin-right: 0px;\" \/><\/a>  \n \n <a href=\"https:\/\/crousandgo.crous-nantes.fr\/nantes\/https:\/\/crousandgo.crous-nantes.fr\/nantes\/categories-menu-trio\/\"><img decoding=\"async\" src=\"https:\/\/crousandgo.crous-nantes.fr\/nantes\/wp-content\/uploads\/sites\/2\/2024\/09\/BOUTONS-MENU-TRIO.png\" width=24% alt=\"image 1\" style=\"margin-right: 0px;\" \/><\/a>  \n \n  <a href=\"https:\/\/crousandgo.crous-nantes.fr\/nantes\/categories-salades\/\"><img decoding=\"async\" src=\"https:\/\/crousandgo.crous-nantes.fr\/nantes\/wp-content\/uploads\/sites\/2\/2024\/09\/BOUTONS-SALADES.png\" width=24% alt=\"image 1\" style=\"margin-right: 0px;\" \/><\/a>  \n  \n  <a href=\"https:\/\/crousandgo.crous-nantes.fr\/nantes\/categories-sandwichs\/\"><img decoding=\"async\" src=\"https:\/\/crousandgo.crous-nantes.fr\/nantes\/wp-content\/uploads\/sites\/2\/2025\/09\/Sandwichs.png\" width=24% alt=\"image 1\" style=\"margin-right: 0px;\" \/><\/a>\n \n<a href=\"https:\/\/crousandgo.crous-nantes.fr\/nantes\/categories-boisson\/\"><img decoding=\"async\" src=\"https:\/\/crousandgo.crous-nantes.fr\/nantes\/wp-content\/uploads\/sites\/2\/2024\/03\/BOUTONS-BOISSONS.png\" width=24% alt=\"image 2\" style=\"margin-right: 0px;\" \/><\/a>  \n \n<a href=\"https:\/\/crousandgo.crous-nantes.fr\/nantes\/categories-dessert\/\"><img decoding=\"async\" src=\"https:\/\/crousandgo.crous-nantes.fr\/nantes\/wp-content\/uploads\/sites\/2\/2024\/03\/BOUTONS-DESSERTS.png\" width=24% alt=\"image 3\" style=\"margin-right: 0px;\" \/><\/a>  \n \n<a href=\"https:\/\/crousandgo.crous-nantes.fr\/nantes\/categories-kit-perso\/\"><img decoding=\"async\" src=\"https:\/\/crousandgo.crous-nantes.fr\/nantes\/wp-content\/uploads\/sites\/2\/2024\/03\/BOUTONS-KIT.png\" width=24% alt=\"image 4\" \/><\/a>  \n<\/CENTER>\t\t\t\t<\/div>\n\t\t\t\t<\/div>\n\t\t\t\t\t<\/div>\n\t\t<\/div>\n\t\t\t\t\t<\/div>\n\t\t<\/section>\n\t\t\t\t<section class=\"elementor-section elementor-top-section elementor-element elementor-element-bafa121 elementor-section-boxed elementor-section-height-default elementor-section-height-default\" data-id=\"bafa121\" data-element_type=\"section\" data-e-type=\"section\">\n\t\t\t\t\t\t<div class=\"elementor-container elementor-column-gap-default\">\n\t\t\t\t\t<div class=\"elementor-column elementor-col-100 elementor-top-column elementor-element elementor-element-63fa875\" data-id=\"63fa875\" data-element_type=\"column\" data-e-type=\"column\">\n\t\t\t<div class=\"elementor-widget-wrap elementor-element-populated\">\n\t\t\t\t\t\t<div class=\"elementor-element elementor-element-259f255 elementor-widget elementor-widget-text-editor\" data-id=\"259f255\" data-element_type=\"widget\" data-e-type=\"widget\" data-widget_type=\"text-editor.default\">\n\t\t\t\t<div class=\"elementor-widget-container\">\n\t\t\t\t\t\t\t\t\t<p><strong>Co<\/strong><b>mmandez avant 8 heures, le matin<\/b><\/p>\t\t\t\t\t\t\t\t<\/div>\n\t\t\t\t<\/div>\n\t\t\t\t\t<\/div>\n\t\t<\/div>\n\t\t\t\t\t<\/div>\n\t\t<\/section>\n\t\t\t\t<section class=\"elementor-section elementor-top-section elementor-element elementor-element-619201f elementor-section-content-middle elementor-section-boxed elementor-section-height-default elementor-section-height-default\" data-id=\"619201f\" data-element_type=\"section\" data-e-type=\"section\">\n\t\t\t\t\t\t<div class=\"elementor-container elementor-column-gap-default\">\n\t\t\t\t\t<div class=\"elementor-column elementor-col-100 elementor-top-column elementor-element elementor-element-3c2532b\" data-id=\"3c2532b\" data-element_type=\"column\" data-e-type=\"column\">\n\t\t\t<div class=\"elementor-widget-wrap elementor-element-populated\">\n\t\t\t\t\t\t<div class=\"elementor-element elementor-element-af85e82 elementor-widget__width-initial elementor-widget elementor-widget-text-editor\" data-id=\"af85e82\" data-element_type=\"widget\" data-e-type=\"widget\" data-widget_type=\"text-editor.default\">\n\t\t\t\t<div class=\"elementor-widget-container\">\n\t\t\t\t\t\t\t\t\t<h5><b>pour un retrait le jour-m\u00eame.<\/b><\/h5>\n<h5><span style=\"font-weight: normal;\">Apr\u00e8s 8 heures, vous pourrez seulement commander votre repas pour un retrait le lendemain et m\u00eame, pour toute la semaine !<br><i>(retrait ferm\u00e9 les samedis, dimanches et jours f\u00e9ri\u00e9s)<\/i><\/span><\/h5>\n<p><\/p>\t\t\t\t\t\t\t\t<\/div>\n\t\t\t\t<\/div>\n\t\t\t\t\t<\/div>\n\t\t<\/div>\n\t\t\t\t\t<\/div>\n\t\t<\/section>\n\t\t\t\t<section class=\"elementor-section elementor-top-section elementor-element elementor-element-af4eaa1 elementor-hidden-tablet elementor-hidden-mobile elementor-section-boxed elementor-section-height-default elementor-section-height-default\" data-id=\"af4eaa1\" data-element_type=\"section\" data-e-type=\"section\">\n\t\t\t\t\t\t<div class=\"elementor-container elementor-column-gap-default\">\n\t\t\t\t\t<div class=\"elementor-column elementor-col-33 elementor-top-column elementor-element elementor-element-4a21f49\" data-id=\"4a21f49\" data-element_type=\"column\" data-e-type=\"column\">\n\t\t\t<div class=\"elementor-widget-wrap elementor-element-populated\">\n\t\t\t\t\t\t<div class=\"elementor-element elementor-element-075d4cf elementor-widget elementor-widget-image\" data-id=\"075d4cf\" data-element_type=\"widget\" data-e-type=\"widget\" data-widget_type=\"image.default\">\n\t\t\t\t<div class=\"elementor-widget-container\">\n\t\t\t\t\t\t\t\t\t\t\t\t\t\t\t\t<a href=\"https:\/\/crousandgo.crous-nantes.fr\/nantes\/mon-compte\/\">\n\t\t\t\t\t\t\t<img decoding=\"async\" width=\"1024\" height=\"567\" src=\"https:\/\/crousandgo.crous-nantes.fr\/nantes\/wp-content\/uploads\/sites\/2\/2024\/03\/COMMENT-CA-MARCHE_Plan-de-travail-1-copie-12.png\" class=\"attachment-large size-large wp-image-25949\" alt=\"\" \/>\t\t\t\t\t\t\t\t<\/a>\n\t\t\t\t\t\t\t\t\t\t\t\t\t\t\t<\/div>\n\t\t\t\t<\/div>\n\t\t\t\t\t<\/div>\n\t\t<\/div>\n\t\t\t\t<div class=\"elementor-column elementor-col-33 elementor-top-column elementor-element elementor-element-6a2605d\" data-id=\"6a2605d\" data-element_type=\"column\" data-e-type=\"column\">\n\t\t\t<div class=\"elementor-widget-wrap elementor-element-populated\">\n\t\t\t\t\t\t<div class=\"elementor-element elementor-element-e1c116f elementor-widget elementor-widget-image\" data-id=\"e1c116f\" data-element_type=\"widget\" data-e-type=\"widget\" data-widget_type=\"image.default\">\n\t\t\t\t<div class=\"elementor-widget-container\">\n\t\t\t\t\t\t\t\t\t\t\t\t\t\t\t\t<a href=\"https:\/\/crousandgo.crous-nantes.fr\/nantes\/\">\n\t\t\t\t\t\t\t<img decoding=\"async\" width=\"1024\" height=\"567\" src=\"https:\/\/crousandgo.crous-nantes.fr\/nantes\/wp-content\/uploads\/sites\/2\/2024\/03\/COMMENT-CA-MARCHE_Plan-de-travail-1-copie-13.png\" class=\"attachment-large size-large wp-image-25950\" alt=\"\" \/>\t\t\t\t\t\t\t\t<\/a>\n\t\t\t\t\t\t\t\t\t\t\t\t\t\t\t<\/div>\n\t\t\t\t<\/div>\n\t\t\t\t\t<\/div>\n\t\t<\/div>\n\t\t\t\t<div class=\"elementor-column elementor-col-33 elementor-top-column elementor-element elementor-element-68bab42\" data-id=\"68bab42\" data-element_type=\"column\" data-e-type=\"column\">\n\t\t\t<div class=\"elementor-widget-wrap elementor-element-populated\">\n\t\t\t\t\t\t<div class=\"elementor-element elementor-element-039d8c6 elementor-widget elementor-widget-image\" data-id=\"039d8c6\" data-element_type=\"widget\" data-e-type=\"widget\" data-widget_type=\"image.default\">\n\t\t\t\t<div class=\"elementor-widget-container\">\n\t\t\t\t\t\t\t\t\t\t\t\t\t\t\t<img loading=\"lazy\" decoding=\"async\" width=\"1024\" height=\"567\" src=\"https:\/\/crousandgo.crous-nantes.fr\/nantes\/wp-content\/uploads\/sites\/2\/2024\/03\/COMMENT-CA-MARCHE_Plan-de-travail-1-copie-14.png\" class=\"attachment-large size-large wp-image-25951\" alt=\"\" \/>\t\t\t\t\t\t\t\t\t\t\t\t\t\t\t<\/div>\n\t\t\t\t<\/div>\n\t\t\t\t\t<\/div>\n\t\t<\/div>\n\t\t\t\t\t<\/div>\n\t\t<\/section>\n\t\t\t\t<section class=\"elementor-section elementor-top-section elementor-element elementor-element-24163ca elementor-section-boxed elementor-section-height-default elementor-section-height-default\" data-id=\"24163ca\" data-element_type=\"section\" data-e-type=\"section\">\n\t\t\t\t\t\t<div class=\"elementor-container elementor-column-gap-default\">\n\t\t\t\t\t<div class=\"elementor-column elementor-col-100 elementor-top-column elementor-element elementor-element-67a8265\" data-id=\"67a8265\" data-element_type=\"column\" data-e-type=\"column\">\n\t\t\t<div class=\"elementor-widget-wrap elementor-element-populated\">\n\t\t\t\t\t\t<div class=\"elementor-element elementor-element-71e5a75 elementor-widget elementor-widget-spacer\" data-id=\"71e5a75\" data-element_type=\"widget\" data-e-type=\"widget\" data-widget_type=\"spacer.default\">\n\t\t\t\t<div class=\"elementor-widget-container\">\n\t\t\t\t\t\t\t<div class=\"elementor-spacer\">\n\t\t\t<div class=\"elementor-spacer-inner\"><\/div>\n\t\t<\/div>\n\t\t\t\t\t\t<\/div>\n\t\t\t\t<\/div>\n\t\t\t\t\t<\/div>\n\t\t<\/div>\n\t\t\t\t\t<\/div>\n\t\t<\/section>\n\t\t\t\t<\/div>\n\t\t","protected":false},"excerpt":{"rendered":"<p>Commandez avant 8 heures, le matin pour un retrait le jour-m\u00eame. Apr\u00e8s 8 heures, vous pourrez seulement commander votre repas pour un retrait le lendemain et m\u00eame, pour toute la semaine !(retrait ferm\u00e9 les samedis, dimanches et jours f\u00e9ri\u00e9s)<\/p>\n","protected":false},"author":3,"featured_media":0,"parent":0,"menu_order":0,"comment_status":"closed","ping_status":"closed","template":"","meta":{"_eb_attr":"","site-sidebar-layout":"no-sidebar","site-content-layout":"page-builder","ast-site-content-layout":"full-width-container","site-content-style":"unboxed","site-sidebar-style":"unboxed","ast-global-header-display":"","ast-banner-title-visibility":"","ast-main-header-display":"","ast-hfb-above-header-display":"","ast-hfb-below-header-display":"","ast-hfb-mobile-header-display":"","site-post-title":"disabled","ast-breadcrumbs-content":"","ast-featured-img":"disabled","footer-sml-layout":"","ast-disable-related-posts":"","theme-transparent-header-meta":"default","adv-header-id-meta":"","stick-header-meta":"","header-above-stick-meta":"","header-main-stick-meta":"","header-below-stick-meta":"","astra-migrate-meta-layouts":"set","ast-page-background-enabled":"default","ast-page-background-meta":{"desktop":{"background-color":"var(--ast-global-color-4)","background-image":"","background-repeat":"repeat","background-position":"center center","background-size":"auto","background-attachment":"scroll","background-type":"","background-media":"","overlay-type":"","overlay-color":"","overlay-opacity":"","overlay-gradient":""},"tablet":{"background-color":"","background-image":"","background-repeat":"repeat","background-position":"center center","background-size":"auto","background-attachment":"scroll","background-type":"","background-media":"","overlay-type":"","overlay-color":"","overlay-opacity":"","overlay-gradient":""},"mobile":{"background-color":"","background-image":"","background-repeat":"repeat","background-position":"center center","background-size":"auto","background-attachment":"scroll","background-type":"","background-media":"","overlay-type":"","overlay-color":"","overlay-opacity":"","overlay-gradient":""}},"ast-content-background-meta":{"desktop":{"background-color":"var(--ast-global-color-5)","background-image":"","background-repeat":"repeat","background-position":"center center","background-size":"auto","background-attachment":"scroll","background-type":"","background-media":"","overlay-type":"","overlay-color":"","overlay-opacity":"","overlay-gradient":""},"tablet":{"background-color":"var(--ast-global-color-5)","background-image":"","background-repeat":"repeat","background-position":"center center","background-size":"auto","background-attachment":"scroll","background-type":"","background-media":"","overlay-type":"","overlay-color":"","overlay-opacity":"","overlay-gradient":""},"mobile":{"background-color":"var(--ast-global-color-5)","background-image":"","background-repeat":"repeat","background-position":"center center","background-size":"auto","background-attachment":"scroll","background-type":"","background-media":"","overlay-type":"","overlay-color":"","overlay-opacity":"","overlay-gradient":""}},"footnotes":""},"class_list":["post-22827","page","type-page","status-publish","hentry"],"publishpress_future_action":{"enabled":false,"date":"2026-04-23 15:36:19","action":"change-status","newStatus":"draft","terms":[],"taxonomy":"","extraData":[]},"publishpress_future_workflow_manual_trigger":{"enabledWorkflows":[]},"_links":{"self":[{"href":"https:\/\/crousandgo.crous-nantes.fr\/nantes\/wp-json\/wp\/v2\/pages\/22827","targetHints":{"allow":["GET"]}}],"collection":[{"href":"https:\/\/crousandgo.crous-nantes.fr\/nantes\/wp-json\/wp\/v2\/pages"}],"about":[{"href":"https:\/\/crousandgo.crous-nantes.fr\/nantes\/wp-json\/wp\/v2\/types\/page"}],"author":[{"embeddable":true,"href":"https:\/\/crousandgo.crous-nantes.fr\/nantes\/wp-json\/wp\/v2\/users\/3"}],"replies":[{"embeddable":true,"href":"https:\/\/crousandgo.crous-nantes.fr\/nantes\/wp-json\/wp\/v2\/comments?post=22827"}],"version-history":[{"count":27,"href":"https:\/\/crousandgo.crous-nantes.fr\/nantes\/wp-json\/wp\/v2\/pages\/22827\/revisions"}],"predecessor-version":[{"id":32304,"href":"https:\/\/crousandgo.crous-nantes.fr\/nantes\/wp-json\/wp\/v2\/pages\/22827\/revisions\/32304"}],"wp:attachment":[{"href":"https:\/\/crousandgo.crous-nantes.fr\/nantes\/wp-json\/wp\/v2\/media?parent=22827"}],"curies":[{"name":"wp","href":"https:\/\/api.w.org\/{rel}","templated":true}]}}