{"id":32296,"date":"2025-09-04T14:30:26","date_gmt":"2025-09-04T12:30:26","guid":{"rendered":"https:\/\/crousandgo.crous-nantes.fr\/nantes\/?page_id=32296"},"modified":"2025-09-04T15:05:05","modified_gmt":"2025-09-04T13:05:05","slug":"categories-sandwichs","status":"publish","type":"page","link":"https:\/\/crousandgo.crous-nantes.fr\/nantes\/categories-sandwichs\/","title":{"rendered":"Cat\u00e9gories Sandwichs"},"content":{"rendered":"\t\t<div data-elementor-type=\"wp-page\" data-elementor-id=\"32296\" class=\"elementor elementor-32296\" data-elementor-post-type=\"page\">\n\t\t\t\t\t\t<section class=\"elementor-section elementor-top-section elementor-element elementor-element-c8f7918 elementor-section-boxed elementor-section-height-default elementor-section-height-default\" data-id=\"c8f7918\" data-element_type=\"section\" data-e-type=\"section\">\n\t\t\t\t\t\t<div class=\"elementor-container elementor-column-gap-default\">\n\t\t\t\t\t<div class=\"elementor-column elementor-col-100 elementor-top-column elementor-element elementor-element-e4fc25d\" data-id=\"e4fc25d\" data-element_type=\"column\" data-e-type=\"column\">\n\t\t\t<div class=\"elementor-widget-wrap elementor-element-populated\">\n\t\t\t\t\t\t<div class=\"elementor-element elementor-element-65b4fb4 elementor-widget elementor-widget-image\" data-id=\"65b4fb4\" data-element_type=\"widget\" data-e-type=\"widget\" data-widget_type=\"image.default\">\n\t\t\t\t<div class=\"elementor-widget-container\">\n\t\t\t\t\t\t\t\t\t\t\t\t\t\t\t<img fetchpriority=\"high\" decoding=\"async\" width=\"768\" height=\"104\" src=\"https:\/\/crousandgo.crous-nantes.fr\/nantes\/wp-content\/uploads\/sites\/2\/2024\/02\/LIEUX-CROUS-AND-GO-NANTES-3.png\" class=\"attachment-medium_large size-medium_large wp-image-25300\" alt=\"\" \/>\t\t\t\t\t\t\t\t\t\t\t\t\t\t\t<\/div>\n\t\t\t\t<\/div>\n\t\t\t\t\t<\/div>\n\t\t<\/div>\n\t\t\t\t\t<\/div>\n\t\t<\/section>\n\t\t\t\t<section class=\"elementor-section elementor-top-section elementor-element elementor-element-b4ad40b elementor-hidden-tablet elementor-hidden-mobile elementor-section-boxed elementor-section-height-default elementor-section-height-default\" data-id=\"b4ad40b\" data-element_type=\"section\" data-e-type=\"section\">\n\t\t\t\t\t\t<div class=\"elementor-container elementor-column-gap-default\">\n\t\t\t\t\t<div class=\"elementor-column elementor-col-14 elementor-top-column elementor-element elementor-element-f7f5e78\" data-id=\"f7f5e78\" data-element_type=\"column\" data-e-type=\"column\">\n\t\t\t<div class=\"elementor-widget-wrap elementor-element-populated\">\n\t\t\t\t\t\t<div class=\"elementor-element elementor-element-6009d42 elementor-widget elementor-widget-image\" data-id=\"6009d42\" data-element_type=\"widget\" data-e-type=\"widget\" data-widget_type=\"image.default\">\n\t\t\t\t<div class=\"elementor-widget-container\">\n\t\t\t\t\t\t\t\t\t\t\t\t\t\t\t\t<a href=\"https:\/\/crousandgo.crous-nantes.fr\/nantes\/categories-menu\/\">\n\t\t\t\t\t\t\t<img decoding=\"async\" width=\"300\" height=\"300\" src=\"https:\/\/crousandgo.crous-nantes.fr\/nantes\/wp-content\/uploads\/sites\/2\/2024\/02\/BOUTONS-MENU.png\" class=\"attachment-medium size-medium wp-image-25152\" alt=\"\" \/>\t\t\t\t\t\t\t\t<\/a>\n\t\t\t\t\t\t\t\t\t\t\t\t\t\t\t<\/div>\n\t\t\t\t<\/div>\n\t\t\t\t\t<\/div>\n\t\t<\/div>\n\t\t\t\t<div class=\"elementor-column elementor-col-14 elementor-top-column elementor-element elementor-element-6bbfb79\" data-id=\"6bbfb79\" data-element_type=\"column\" data-e-type=\"column\">\n\t\t\t<div class=\"elementor-widget-wrap elementor-element-populated\">\n\t\t\t\t\t\t<div class=\"elementor-element elementor-element-7e64e55 elementor-widget elementor-widget-image\" data-id=\"7e64e55\" data-element_type=\"widget\" data-e-type=\"widget\" data-widget_type=\"image.default\">\n\t\t\t\t<div class=\"elementor-widget-container\">\n\t\t\t\t\t\t\t\t\t\t\t\t\t\t\t\t<a href=\"https:\/\/crousandgo.crous-nantes.fr\/nantes\/categories-menu-trio\/\">\n\t\t\t\t\t\t\t<img decoding=\"async\" width=\"150\" height=\"150\" src=\"https:\/\/crousandgo.crous-nantes.fr\/nantes\/wp-content\/uploads\/sites\/2\/2024\/09\/BOUTONS-MENU-TRIO.png\" class=\"attachment-medium size-medium wp-image-28607\" alt=\"\" \/>\t\t\t\t\t\t\t\t<\/a>\n\t\t\t\t\t\t\t\t\t\t\t\t\t\t\t<\/div>\n\t\t\t\t<\/div>\n\t\t\t\t\t<\/div>\n\t\t<\/div>\n\t\t\t\t<div class=\"elementor-column elementor-col-14 elementor-top-column elementor-element elementor-element-3db02dc\" data-id=\"3db02dc\" data-element_type=\"column\" data-e-type=\"column\">\n\t\t\t<div class=\"elementor-widget-wrap elementor-element-populated\">\n\t\t\t\t\t\t<div class=\"elementor-element elementor-element-ecc2f17 elementor-widget elementor-widget-image\" data-id=\"ecc2f17\" data-element_type=\"widget\" data-e-type=\"widget\" data-widget_type=\"image.default\">\n\t\t\t\t<div class=\"elementor-widget-container\">\n\t\t\t\t\t\t\t\t\t\t\t\t\t\t\t\t<a href=\"https:\/\/crousandgo.crous-nantes.fr\/nantes\/categories-salades\/\">\n\t\t\t\t\t\t\t<img loading=\"lazy\" decoding=\"async\" width=\"150\" height=\"150\" src=\"https:\/\/crousandgo.crous-nantes.fr\/nantes\/wp-content\/uploads\/sites\/2\/2024\/09\/BOUTONS-SALADES.png\" class=\"attachment-medium size-medium wp-image-28646\" alt=\"\" \/>\t\t\t\t\t\t\t\t<\/a>\n\t\t\t\t\t\t\t\t\t\t\t\t\t\t\t<\/div>\n\t\t\t\t<\/div>\n\t\t\t\t\t<\/div>\n\t\t<\/div>\n\t\t\t\t<div class=\"elementor-column elementor-col-14 elementor-top-column elementor-element elementor-element-276da75\" data-id=\"276da75\" data-element_type=\"column\" data-e-type=\"column\">\n\t\t\t<div class=\"elementor-widget-wrap elementor-element-populated\">\n\t\t\t\t\t\t<div class=\"elementor-element elementor-element-8365275 elementor-widget elementor-widget-image\" data-id=\"8365275\" data-element_type=\"widget\" data-e-type=\"widget\" data-widget_type=\"image.default\">\n\t\t\t\t<div class=\"elementor-widget-container\">\n\t\t\t\t\t\t\t\t\t\t\t\t\t\t\t\t<a href=\"https:\/\/crousandgo.crous-nantes.fr\/nantes\/categories-sandwichs\/\">\n\t\t\t\t\t\t\t<img loading=\"lazy\" decoding=\"async\" width=\"150\" height=\"150\" src=\"https:\/\/crousandgo.crous-nantes.fr\/nantes\/wp-content\/uploads\/sites\/2\/2025\/09\/Sandwichs.png\" class=\"attachment-medium size-medium wp-image-32298\" alt=\"\" \/>\t\t\t\t\t\t\t\t<\/a>\n\t\t\t\t\t\t\t\t\t\t\t\t\t\t\t<\/div>\n\t\t\t\t<\/div>\n\t\t\t\t\t<\/div>\n\t\t<\/div>\n\t\t\t\t<div class=\"elementor-column elementor-col-14 elementor-top-column elementor-element elementor-element-6c9a9a7\" data-id=\"6c9a9a7\" data-element_type=\"column\" data-e-type=\"column\">\n\t\t\t<div class=\"elementor-widget-wrap elementor-element-populated\">\n\t\t\t\t\t\t<div class=\"elementor-element elementor-element-7628341 elementor-widget elementor-widget-image\" data-id=\"7628341\" data-element_type=\"widget\" data-e-type=\"widget\" data-widget_type=\"image.default\">\n\t\t\t\t<div class=\"elementor-widget-container\">\n\t\t\t\t\t\t\t\t\t\t\t\t\t\t\t\t<a href=\"https:\/\/crousandgo.crous-nantes.fr\/nantes\/categories-boisson\/\">\n\t\t\t\t\t\t\t<img loading=\"lazy\" decoding=\"async\" width=\"300\" height=\"300\" src=\"https:\/\/crousandgo.crous-nantes.fr\/nantes\/wp-content\/uploads\/sites\/2\/2024\/02\/BOUTONS-BOISSONS.png\" class=\"attachment-medium size-medium wp-image-25153\" alt=\"\" \/>\t\t\t\t\t\t\t\t<\/a>\n\t\t\t\t\t\t\t\t\t\t\t\t\t\t\t<\/div>\n\t\t\t\t<\/div>\n\t\t\t\t\t<\/div>\n\t\t<\/div>\n\t\t\t\t<div class=\"elementor-column elementor-col-14 elementor-top-column elementor-element elementor-element-39fdfe9\" data-id=\"39fdfe9\" data-element_type=\"column\" data-e-type=\"column\">\n\t\t\t<div class=\"elementor-widget-wrap elementor-element-populated\">\n\t\t\t\t\t\t<div class=\"elementor-element elementor-element-366e7b4 elementor-widget elementor-widget-image\" data-id=\"366e7b4\" data-element_type=\"widget\" data-e-type=\"widget\" data-widget_type=\"image.default\">\n\t\t\t\t<div class=\"elementor-widget-container\">\n\t\t\t\t\t\t\t\t\t\t\t\t\t\t\t\t<a href=\"https:\/\/crousandgo.crous-nantes.fr\/nantes\/categories-dessert\/\">\n\t\t\t\t\t\t\t<img loading=\"lazy\" decoding=\"async\" width=\"300\" height=\"300\" src=\"https:\/\/crousandgo.crous-nantes.fr\/nantes\/wp-content\/uploads\/sites\/2\/2024\/02\/BOUTONS-DESSERTS.png\" class=\"attachment-medium size-medium wp-image-25154\" alt=\"\" \/>\t\t\t\t\t\t\t\t<\/a>\n\t\t\t\t\t\t\t\t\t\t\t\t\t\t\t<\/div>\n\t\t\t\t<\/div>\n\t\t\t\t\t<\/div>\n\t\t<\/div>\n\t\t\t\t<div class=\"elementor-column elementor-col-14 elementor-top-column elementor-element elementor-element-9083260\" data-id=\"9083260\" data-element_type=\"column\" data-e-type=\"column\">\n\t\t\t<div class=\"elementor-widget-wrap elementor-element-populated\">\n\t\t\t\t\t\t<div class=\"elementor-element elementor-element-49f96a7 elementor-widget elementor-widget-image\" data-id=\"49f96a7\" data-element_type=\"widget\" data-e-type=\"widget\" data-widget_type=\"image.default\">\n\t\t\t\t<div class=\"elementor-widget-container\">\n\t\t\t\t\t\t\t\t\t\t\t\t\t\t\t\t<a href=\"https:\/\/crousandgo.crous-nantes.fr\/nantes\/categories-kit-perso\">\n\t\t\t\t\t\t\t<img loading=\"lazy\" decoding=\"async\" width=\"300\" height=\"300\" src=\"https:\/\/crousandgo.crous-nantes.fr\/nantes\/wp-content\/uploads\/sites\/2\/2024\/02\/BOUTONS-KIT.png\" class=\"attachment-medium size-medium wp-image-25151\" alt=\"\" \/>\t\t\t\t\t\t\t\t<\/a>\n\t\t\t\t\t\t\t\t\t\t\t\t\t\t\t<\/div>\n\t\t\t\t<\/div>\n\t\t\t\t\t<\/div>\n\t\t<\/div>\n\t\t\t\t\t<\/div>\n\t\t<\/section>\n\t\t\t\t<section class=\"elementor-section elementor-top-section elementor-element elementor-element-85d7de0 elementor-hidden-desktop elementor-section-boxed elementor-section-height-default elementor-section-height-default\" data-id=\"85d7de0\" data-element_type=\"section\" data-e-type=\"section\">\n\t\t\t\t\t\t<div class=\"elementor-container elementor-column-gap-default\">\n\t\t\t\t\t<div class=\"elementor-column elementor-col-100 elementor-top-column elementor-element elementor-element-ff6b792\" data-id=\"ff6b792\" data-element_type=\"column\" data-e-type=\"column\">\n\t\t\t<div class=\"elementor-widget-wrap elementor-element-populated\">\n\t\t\t\t\t\t<div class=\"elementor-element elementor-element-243a74d elementor-hidden-desktop elementor-widget elementor-widget-html\" data-id=\"243a74d\" data-element_type=\"widget\" data-e-type=\"widget\" data-widget_type=\"html.default\">\n\t\t\t\t<div class=\"elementor-widget-container\">\n\t\t\t\t\t<CENTER>\n<a href=\"https:\/\/crousandgo.crous-nantes.fr\/nantes\/categories-menu\/\"><img decoding=\"async\" src=\"https:\/\/crousandgo.crous-nantes.fr\/nantes\/wp-content\/uploads\/sites\/2\/2024\/03\/BOUTONS-MENU.png\" width=24% alt=\"image 1\" style=\"margin-right: 0px;\" \/><\/a>  \n \n <a href=\"https:\/\/crousandgo.crous-nantes.fr\/nantes\/https:\/\/crousandgo.crous-nantes.fr\/nantes\/categories-menu-trio\/\"><img decoding=\"async\" src=\"https:\/\/crousandgo.crous-nantes.fr\/nantes\/wp-content\/uploads\/sites\/2\/2024\/09\/BOUTONS-MENU-TRIO.png\" width=24% alt=\"image 1\" style=\"margin-right: 0px;\" \/><\/a>  \n \n  <a href=\"https:\/\/crousandgo.crous-nantes.fr\/nantes\/categories-salades\/\"><img decoding=\"async\" src=\"https:\/\/crousandgo.crous-nantes.fr\/nantes\/wp-content\/uploads\/sites\/2\/2024\/09\/BOUTONS-SALADES.png\" width=24% alt=\"image 1\" style=\"margin-right: 0px;\" \/><\/a> \n  \n   <a href=\"https:\/\/crousandgo.crous-nantes.fr\/nantes\/categories-sandwichs\/\"><img decoding=\"async\" src=\"https:\/\/crousandgo.crous-nantes.fr\/nantes\/wp-content\/uploads\/sites\/2\/2025\/09\/Sandwichs.png\" width=24% alt=\"image 1\" style=\"margin-right: 0px;\" \/><\/a>\n \n<a href=\"https:\/\/crousandgo.crous-nantes.fr\/nantes\/categories-boisson\/\"><img decoding=\"async\" src=\"https:\/\/crousandgo.crous-nantes.fr\/nantes\/wp-content\/uploads\/sites\/2\/2024\/03\/BOUTONS-BOISSONS.png\" width=24% alt=\"image 2\" style=\"margin-right: 0px;\" \/><\/a>  \n \n<a href=\"https:\/\/crousandgo.crous-nantes.fr\/nantes\/categories-dessert\/\"><img decoding=\"async\" src=\"https:\/\/crousandgo.crous-nantes.fr\/nantes\/wp-content\/uploads\/sites\/2\/2024\/03\/BOUTONS-DESSERTS.png\" width=24% alt=\"image 3\" style=\"margin-right: 0px;\" \/><\/a>  \n \n<a href=\"https:\/\/crousandgo.crous-nantes.fr\/nantes\/categories-kit-perso\/\"><img decoding=\"async\" src=\"https:\/\/crousandgo.crous-nantes.fr\/nantes\/wp-content\/uploads\/sites\/2\/2024\/03\/BOUTONS-KIT.png\" width=24% alt=\"image 4\" \/><\/a>  \n<\/CENTER>\t\t\t\t<\/div>\n\t\t\t\t<\/div>\n\t\t\t\t\t<\/div>\n\t\t<\/div>\n\t\t\t\t\t<\/div>\n\t\t<\/section>\n\t\t\t\t<section class=\"elementor-section elementor-top-section elementor-element elementor-element-bc4858b elementor-section-boxed elementor-section-height-default elementor-section-height-default\" data-id=\"bc4858b\" data-element_type=\"section\" data-e-type=\"section\">\n\t\t\t\t\t\t<div class=\"elementor-container elementor-column-gap-default\">\n\t\t\t\t\t<div class=\"elementor-column elementor-col-100 elementor-top-column elementor-element elementor-element-f8370d2\" data-id=\"f8370d2\" data-element_type=\"column\" data-e-type=\"column\">\n\t\t\t<div class=\"elementor-widget-wrap elementor-element-populated\">\n\t\t\t\t\t\t<div class=\"elementor-element elementor-element-03d1072 elementor-widget-divider--view-line elementor-widget elementor-widget-divider\" data-id=\"03d1072\" data-element_type=\"widget\" data-e-type=\"widget\" data-widget_type=\"divider.default\">\n\t\t\t\t<div class=\"elementor-widget-container\">\n\t\t\t\t\t\t\t<div class=\"elementor-divider\">\n\t\t\t<span class=\"elementor-divider-separator\">\n\t\t\t\t\t\t<\/span>\n\t\t<\/div>\n\t\t\t\t\t\t<\/div>\n\t\t\t\t<\/div>\n\t\t\t\t\t<\/div>\n\t\t<\/div>\n\t\t\t\t\t<\/div>\n\t\t<\/section>\n\t\t\t\t<section class=\"elementor-section elementor-top-section elementor-element elementor-element-764720c elementor-section-boxed elementor-section-height-default elementor-section-height-default\" data-id=\"764720c\" data-element_type=\"section\" data-e-type=\"section\">\n\t\t\t\t\t\t<div class=\"elementor-container elementor-column-gap-default\">\n\t\t\t\t\t<div class=\"elementor-column elementor-col-100 elementor-top-column elementor-element elementor-element-efc1d8d\" data-id=\"efc1d8d\" data-element_type=\"column\" data-e-type=\"column\">\n\t\t\t<div class=\"elementor-widget-wrap elementor-element-populated\">\n\t\t\t\t\t\t<div class=\"elementor-element elementor-element-8496a80 eael-product-list-column-tablet-2 eael-product-list-column-mobile-2 eael-product-list-column-2 elementor-widget elementor-widget-eicon-woocommerce\" data-id=\"8496a80\" data-element_type=\"widget\" data-e-type=\"widget\" data-widget_type=\"eicon-woocommerce.default\">\n\t\t\t\t<div class=\"elementor-widget-container\">\n\t\t\t\t\t\n        <div class=\"eael-product-grid  list\" id=\"eael-product-grid\" data-widget-id=\"8496a80\" data-page-id=\"32296\" data-nonce=\"8a670173bc\" >\n            <div class=\"woocommerce\">\n                <ul class=\"products eael-post-appender eael-post-appender-8496a80\" data-ssi-desktop=\"no\" data-ssi-tablet=\"no\" data-ssi-mobile=\"no\" data-layout-mode=\"list\"><li class=\"product  eael-product-list-preset-1\">\n    <div class=\"eael-product-wrap\">\n        <div class=\"product-image-wrap\">\n            <div class=\"image-wrap\">\n                <a href=\"https:\/\/crousandgo.crous-nantes.fr\/nantes\/produit\/viennois-thon\/\" class=\"woocommerce-LoopProduct-link woocommerce-loop-product__link\"><img decoding=\"async\" width=\"300\" height=\"300\" src=\"https:\/\/crousandgo.crous-nantes.fr\/nantes\/wp-content\/uploads\/sites\/2\/2025\/09\/Viennois-thon-Sodebo-2.png\" class=\"attachment-medium size-medium\" alt=\"Viennois thon\" loading=\"eager\" \/><\/a>            <\/div>\n        <\/div>\n        <div class=\"product-details-wrap\">\n            <div class=\"eael-product-title\">\n                                <a href=\"https:\/\/crousandgo.crous-nantes.fr\/nantes\/produit\/viennois-thon\/\" class=\"woocommerce-LoopProduct-link woocommerce-loop-product__link\"><h2 class=\"woocommerce-loop-product__title\">Viennois thon<\/h2><\/a><\/div><div class=\"eael-product-price\"><span class=\"woocommerce-Price-amount amount\">3,00&nbsp;<span class=\"woocommerce-Price-currencySymbol\">&euro;<\/span><\/span><\/div><div class=\"eael-product-excerpt\">\n                <p>Thon, \u0153uf, salade, sauce coktail.<\/p><\/div>\n            <ul class=\"icons-wrap details-block-style\">\n                                <li class=\"add-to-cart\"><a href=\"\/nantes\/wp-json\/wp\/v2\/pages\/32296?add-to-cart=32344\" aria-describedby=\"woocommerce_loop_add_to_cart_link_describedby_32344\" data-quantity=\"1\" class=\"button product_type_simple add_to_cart_button ajax_add_to_cart\" data-product_id=\"32344\" data-product_sku=\"\" aria-label=\"Ajouter au panier\u00a0: &ldquo;Viennois thon&rdquo;\" rel=\"nofollow\" data-success_message=\"\u00ab\u00a0Viennois thon\u00a0\u00bb a \u00e9t\u00e9 ajout\u00e9 \u00e0 votre panier\" role=\"button\">Ajouter au panier<\/a>\t<span id=\"woocommerce_loop_add_to_cart_link_describedby_32344\" class=\"screen-reader-text\">\n\t\t\t<\/span>\n<\/li>\n\n                                            <\/ul>\n                    <\/div>\n    <\/div>\n<\/li><li class=\"product  eael-product-list-preset-1\">\n    <div class=\"eael-product-wrap\">\n        <div class=\"product-image-wrap\">\n            <div class=\"image-wrap\">\n                <a href=\"https:\/\/crousandgo.crous-nantes.fr\/nantes\/produit\/wraper-poulet-bacon\/\" class=\"woocommerce-LoopProduct-link woocommerce-loop-product__link\"><img decoding=\"async\" width=\"300\" height=\"300\" src=\"https:\/\/crousandgo.crous-nantes.fr\/nantes\/wp-content\/uploads\/sites\/2\/2025\/09\/Wrap-Sodebo.png\" class=\"attachment-medium size-medium\" alt=\"Wrap poulet bacon\" loading=\"eager\" \/><\/a>            <\/div>\n        <\/div>\n        <div class=\"product-details-wrap\">\n            <div class=\"eael-product-title\">\n                                <a href=\"https:\/\/crousandgo.crous-nantes.fr\/nantes\/produit\/wraper-poulet-bacon\/\" class=\"woocommerce-LoopProduct-link woocommerce-loop-product__link\"><h2 class=\"woocommerce-loop-product__title\">Wrap poulet bacon<\/h2><\/a><\/div><div class=\"eael-product-price\"><span class=\"woocommerce-Price-amount amount\">3,00&nbsp;<span class=\"woocommerce-Price-currencySymbol\">&euro;<\/span><\/span><\/div><div class=\"eael-product-excerpt\">\n                <p>Poulet r\u00f4ti, bacon fum\u00e9, cheddar, sauce burger.<\/p><\/div>\n            <ul class=\"icons-wrap details-block-style\">\n                                <li class=\"add-to-cart\"><a href=\"\/nantes\/wp-json\/wp\/v2\/pages\/32296?add-to-cart=32284\" aria-describedby=\"woocommerce_loop_add_to_cart_link_describedby_32284\" data-quantity=\"1\" class=\"button product_type_simple add_to_cart_button ajax_add_to_cart\" data-product_id=\"32284\" data-product_sku=\"\" aria-label=\"Ajouter au panier\u00a0: &ldquo;Wrap poulet bacon&rdquo;\" rel=\"nofollow\" data-success_message=\"\u00ab\u00a0Wrap poulet bacon\u00a0\u00bb a \u00e9t\u00e9 ajout\u00e9 \u00e0 votre panier\" role=\"button\">Ajouter au panier<\/a>\t<span id=\"woocommerce_loop_add_to_cart_link_describedby_32284\" class=\"screen-reader-text\">\n\t\t\t<\/span>\n<\/li>\n\n                                            <\/ul>\n                    <\/div>\n    <\/div>\n<\/li><\/ul>            <\/div>\n        <\/div>\n\n        <script type=\"text\/javascript\">\n            jQuery(document).ready(function($) {\n                var $scope = jQuery(\".elementor-element-8496a80\");\n                var $products = $('.products', $scope);\n                var $layout_mode = $products.data('layout-mode');\n                \n                if ( $layout_mode === 'masonry' ) {\n                    \/\/ init isotope\n                    var $isotope_products = $products.isotope({\n                        itemSelector: \"li.product\",\n                        layoutMode: $layout_mode,\n                        percentPosition: true\n                    });\n\n                    $isotope_products.imagesLoaded().progress( function() {\n                        $isotope_products.isotope('layout');\n                    })\n                    \n                }\n            });\n        <\/script>\n        \t\t\t\t<\/div>\n\t\t\t\t<\/div>\n\t\t\t\t\t<\/div>\n\t\t<\/div>\n\t\t\t\t\t<\/div>\n\t\t<\/section>\n\t\t\t\t<\/div>\n\t\t","protected":false},"excerpt":{"rendered":"<p>Wraper Poulet Bacon Cheddar sauce Burger 3,00&nbsp;&euro; Wraper Poulet Bacon Cheddar Sauce Burger Ajouter au panier<\/p>\n","protected":false},"author":14,"featured_media":0,"parent":0,"menu_order":0,"comment_status":"closed","ping_status":"closed","template":"","meta":{"_eb_attr":"","site-sidebar-layout":"no-sidebar","site-content-layout":"page-builder","ast-site-content-layout":"full-width-container","site-content-style":"default","site-sidebar-style":"default","ast-global-header-display":"","ast-banner-title-visibility":"","ast-main-header-display":"","ast-hfb-above-header-display":"","ast-hfb-below-header-display":"","ast-hfb-mobile-header-display":"","site-post-title":"disabled","ast-breadcrumbs-content":"","ast-featured-img":"disabled","footer-sml-layout":"","ast-disable-related-posts":"","theme-transparent-header-meta":"","adv-header-id-meta":"","stick-header-meta":"","header-above-stick-meta":"","header-main-stick-meta":"","header-below-stick-meta":"","astra-migrate-meta-layouts":"set","ast-page-background-enabled":"default","ast-page-background-meta":{"desktop":{"background-color":"var(--ast-global-color-4)","background-image":"","background-repeat":"repeat","background-position":"center center","background-size":"auto","background-attachment":"scroll","background-type":"","background-media":"","overlay-type":"","overlay-color":"","overlay-opacity":"","overlay-gradient":""},"tablet":{"background-color":"","background-image":"","background-repeat":"repeat","background-position":"center center","background-size":"auto","background-attachment":"scroll","background-type":"","background-media":"","overlay-type":"","overlay-color":"","overlay-opacity":"","overlay-gradient":""},"mobile":{"background-color":"","background-image":"","background-repeat":"repeat","background-position":"center center","background-size":"auto","background-attachment":"scroll","background-type":"","background-media":"","overlay-type":"","overlay-color":"","overlay-opacity":"","overlay-gradient":""}},"ast-content-background-meta":{"desktop":{"background-color":"var(--ast-global-color-5)","background-image":"","background-repeat":"repeat","background-position":"center center","background-size":"auto","background-attachment":"scroll","background-type":"","background-media":"","overlay-type":"","overlay-color":"","overlay-opacity":"","overlay-gradient":""},"tablet":{"background-color":"var(--ast-global-color-5)","background-image":"","background-repeat":"repeat","background-position":"center center","background-size":"auto","background-attachment":"scroll","background-type":"","background-media":"","overlay-type":"","overlay-color":"","overlay-opacity":"","overlay-gradient":""},"mobile":{"background-color":"var(--ast-global-color-5)","background-image":"","background-repeat":"repeat","background-position":"center center","background-size":"auto","background-attachment":"scroll","background-type":"","background-media":"","overlay-type":"","overlay-color":"","overlay-opacity":"","overlay-gradient":""}},"footnotes":""},"class_list":["post-32296","page","type-page","status-publish","hentry","desktop-align-center","tablet-align-left","mobile-align-left"],"publishpress_future_action":{"enabled":false,"date":"2026-04-23 17:14:27","action":"change-status","newStatus":"draft","terms":[],"taxonomy":"","extraData":[]},"publishpress_future_workflow_manual_trigger":{"enabledWorkflows":[]},"_links":{"self":[{"href":"https:\/\/crousandgo.crous-nantes.fr\/nantes\/wp-json\/wp\/v2\/pages\/32296","targetHints":{"allow":["GET"]}}],"collection":[{"href":"https:\/\/crousandgo.crous-nantes.fr\/nantes\/wp-json\/wp\/v2\/pages"}],"about":[{"href":"https:\/\/crousandgo.crous-nantes.fr\/nantes\/wp-json\/wp\/v2\/types\/page"}],"author":[{"embeddable":true,"href":"https:\/\/crousandgo.crous-nantes.fr\/nantes\/wp-json\/wp\/v2\/users\/14"}],"replies":[{"embeddable":true,"href":"https:\/\/crousandgo.crous-nantes.fr\/nantes\/wp-json\/wp\/v2\/comments?post=32296"}],"version-history":[{"count":9,"href":"https:\/\/crousandgo.crous-nantes.fr\/nantes\/wp-json\/wp\/v2\/pages\/32296\/revisions"}],"predecessor-version":[{"id":32318,"href":"https:\/\/crousandgo.crous-nantes.fr\/nantes\/wp-json\/wp\/v2\/pages\/32296\/revisions\/32318"}],"wp:attachment":[{"href":"https:\/\/crousandgo.crous-nantes.fr\/nantes\/wp-json\/wp\/v2\/media?parent=32296"}],"curies":[{"name":"wp","href":"https:\/\/api.w.org\/{rel}","templated":true}]}}