{"id":32767,"date":"2026-04-10T08:00:32","date_gmt":"2026-04-10T06:00:32","guid":{"rendered":"https:\/\/crousandgo.crous-nantes.fr\/nantes\/?post_type=product&#038;p=32767"},"modified":"2026-04-09T11:41:56","modified_gmt":"2026-04-09T09:41:56","slug":"5-menu-duo-pastabox-vendredi-17-avril","status":"publish","type":"product","link":"https:\/\/crousandgo.crous-nantes.fr\/nantes\/produit\/5-menu-duo-pastabox-vendredi-17-avril\/","title":{"rendered":"5 &#8211; Menu DUO PastaBox &#8211; Vendredi 17 Avril"},"content":{"rendered":"<p>Allerg\u00e8nes p\u00e2tes napolitaine : Gluten, lait<\/p>\n<p>Allerg\u00e8nes p\u00e2tes pesto : Gluten, lait, \u0153ufs, fruits \u00e0 coque<\/p>\n","protected":false},"excerpt":{"rendered":"<p>Menu DUO\u00a0 :<\/p>\n<p>-P\u00e2tes sauce napolitaine (emmental, sauce tomate)<br \/>\nou<br \/>\n-P\u00e2tes pesto (emmental, basilic, huile de tournesol, fromage italien, noix de cajou, pignon de pin)<\/p>\n<p>-Yaourt bio<br \/>\n-Fruit<br \/>\n-Compote en pot<\/p>\n","protected":false},"featured_media":25266,"template":"","meta":{"_eb_attr":"","site-sidebar-layout":"default","site-content-layout":"","ast-site-content-layout":"default","site-content-style":"default","site-sidebar-style":"default","ast-global-header-display":"","ast-banner-title-visibility":"","ast-main-header-display":"","ast-hfb-above-header-display":"","ast-hfb-below-header-display":"","ast-hfb-mobile-header-display":"","site-post-title":"","ast-breadcrumbs-content":"","ast-featured-img":"","footer-sml-layout":"","ast-disable-related-posts":"","theme-transparent-header-meta":"default","adv-header-id-meta":"","stick-header-meta":"","header-above-stick-meta":"","header-main-stick-meta":"","header-below-stick-meta":"","astra-migrate-meta-layouts":"set","ast-page-background-enabled":"default","ast-page-background-meta":{"desktop":{"background-color":"var(--ast-global-color-4)","background-image":"","background-repeat":"repeat","background-position":"center center","background-size":"auto","background-attachment":"scroll","background-type":"","background-media":"","overlay-type":"","overlay-color":"","overlay-opacity":"","overlay-gradient":""},"tablet":{"background-color":"","background-image":"","background-repeat":"repeat","background-position":"center center","background-size":"auto","background-attachment":"scroll","background-type":"","background-media":"","overlay-type":"","overlay-color":"","overlay-opacity":"","overlay-gradient":""},"mobile":{"background-color":"","background-image":"","background-repeat":"repeat","background-position":"center center","background-size":"auto","background-attachment":"scroll","background-type":"","background-media":"","overlay-type":"","overlay-color":"","overlay-opacity":"","overlay-gradient":""}},"ast-content-background-meta":{"desktop":{"background-color":"var(--ast-global-color-5)","background-image":"","background-repeat":"repeat","background-position":"center center","background-size":"auto","background-attachment":"scroll","background-type":"","background-media":"","overlay-type":"","overlay-color":"","overlay-opacity":"","overlay-gradient":""},"tablet":{"background-color":"var(--ast-global-color-5)","background-image":"","background-repeat":"repeat","background-position":"center center","background-size":"auto","background-attachment":"scroll","background-type":"","background-media":"","overlay-type":"","overlay-color":"","overlay-opacity":"","overlay-gradient":""},"mobile":{"background-color":"var(--ast-global-color-5)","background-image":"","background-repeat":"repeat","background-position":"center center","background-size":"auto","background-attachment":"scroll","background-type":"","background-media":"","overlay-type":"","overlay-color":"","overlay-opacity":"","overlay-gradient":""}}},"product_brand":[],"product_cat":[24],"product_tag":[],"giftcard-category":[],"class_list":{"0":"post-32767","1":"product","2":"type-product","3":"status-publish","4":"has-post-thumbnail","6":"product_cat-menu-pair_duo","7":"desktop-align-center","8":"tablet-align-left","9":"mobile-align-left","11":"first","12":"instock","13":"sold-individually","14":"shipping-taxable","15":"purchasable","16":"product-type-variable"},"publishpress_future_action":{"enabled":true,"date":"2026-04-17 08:00:00","action":"change-status","newStatus":"draft","terms":[0],"taxonomy":"product_type","extraData":[]},"publishpress_future_workflow_manual_trigger":{"enabledWorkflows":[]},"_links":{"self":[{"href":"https:\/\/crousandgo.crous-nantes.fr\/nantes\/wp-json\/wp\/v2\/product\/32767","targetHints":{"allow":["GET"]}}],"collection":[{"href":"https:\/\/crousandgo.crous-nantes.fr\/nantes\/wp-json\/wp\/v2\/product"}],"about":[{"href":"https:\/\/crousandgo.crous-nantes.fr\/nantes\/wp-json\/wp\/v2\/types\/product"}],"version-history":[{"count":16,"href":"https:\/\/crousandgo.crous-nantes.fr\/nantes\/wp-json\/wp\/v2\/product\/32767\/revisions"}],"predecessor-version":[{"id":35315,"href":"https:\/\/crousandgo.crous-nantes.fr\/nantes\/wp-json\/wp\/v2\/product\/32767\/revisions\/35315"}],"wp:featuredmedia":[{"embeddable":true,"href":"https:\/\/crousandgo.crous-nantes.fr\/nantes\/wp-json\/wp\/v2\/media\/25266"}],"wp:attachment":[{"href":"https:\/\/crousandgo.crous-nantes.fr\/nantes\/wp-json\/wp\/v2\/media?parent=32767"}],"wp:term":[{"taxonomy":"product_brand","embeddable":true,"href":"https:\/\/crousandgo.crous-nantes.fr\/nantes\/wp-json\/wp\/v2\/product_brand?post=32767"},{"taxonomy":"product_cat","embeddable":true,"href":"https:\/\/crousandgo.crous-nantes.fr\/nantes\/wp-json\/wp\/v2\/product_cat?post=32767"},{"taxonomy":"product_tag","embeddable":true,"href":"https:\/\/crousandgo.crous-nantes.fr\/nantes\/wp-json\/wp\/v2\/product_tag?post=32767"},{"taxonomy":"giftcard-category","embeddable":true,"href":"https:\/\/crousandgo.crous-nantes.fr\/nantes\/wp-json\/wp\/v2\/giftcard-category?post=32767"}],"curies":[{"name":"wp","href":"https:\/\/api.w.org\/{rel}","templated":true}]}}