{"id":32772,"date":"2026-04-10T08:00:05","date_gmt":"2026-04-10T06:00:05","guid":{"rendered":"https:\/\/crousandgo.crous-nantes.fr\/nantes\/?post_type=product&#038;p=32772"},"modified":"2026-04-16T17:23:43","modified_gmt":"2026-04-16T15:23:43","slug":"5-menu-duo-plat-cuisine-vege-vendredi-17-avril","status":"publish","type":"product","link":"https:\/\/crousandgo.crous-nantes.fr\/nantes\/produit\/5-menu-duo-plat-cuisine-vege-vendredi-17-avril\/","title":{"rendered":"5 &#8211; Menu DUO plat cuisin\u00e9 v\u00e9g\u00e9 &#8211; Vendredi 17 Avril"},"content":{"rendered":"<p>Allerg\u00e8nes plat num\u00e9ro 1 :Allerg\u00e8nes: Gluten \/\u00a0 Lait<\/p>\n<p>Allerg\u00e8nes plat num\u00e9ro 2 :Allerg\u00e8nes :<\/p>\n<p>Pouvant contenir des traces d&#8217;autres allerg\u00e8nes<\/p>\n","protected":false},"excerpt":{"rendered":"<p>Menu DUO plat cuisin\u00e9 v\u00e9g\u00e9, compos\u00e9:<\/p>\n<p>-Plat v\u00e9g\u00e9 num\u00e9ro 1 :Pave seitan, boulgour pilaf, petits poids carottes et sauce cheyenne. <img decoding=\"async\" class=\"alignnone wp-image-28308\" style=\"font-weight: inherit\" src=\"https:\/\/crousandgo.crous-nantes.fr\/nantes\/wp-content\/uploads\/sites\/2\/2024\/09\/Logo-vege.png\" alt=\"\" width=\"34\" height=\"38\" \/><br \/>\nou<br \/>\n-Plat v\u00e9g\u00e9 num\u00e9ro 2 :<img decoding=\"async\" class=\"alignnone wp-image-28308\" style=\"font-weight: inherit\" src=\"https:\/\/crousandgo.crous-nantes.fr\/nantes\/wp-content\/uploads\/sites\/2\/2024\/09\/Logo-vege.png\" alt=\"\" width=\"34\" height=\"38\" \/><\/p>\n<p>Un dessert :<\/p>\n<p>-Yaourt bio<br \/>\n-Fruit<br \/>\n-Compote en pot<\/p>\n","protected":false},"featured_media":25274,"template":"","meta":{"_eb_attr":"","site-sidebar-layout":"default","site-content-layout":"","ast-site-content-layout":"default","site-content-style":"default","site-sidebar-style":"default","ast-global-header-display":"","ast-banner-title-visibility":"","ast-main-header-display":"","ast-hfb-above-header-display":"","ast-hfb-below-header-display":"","ast-hfb-mobile-header-display":"","site-post-title":"","ast-breadcrumbs-content":"","ast-featured-img":"","footer-sml-layout":"","ast-disable-related-posts":"","theme-transparent-header-meta":"default","adv-header-id-meta":"","stick-header-meta":"","header-above-stick-meta":"","header-main-stick-meta":"","header-below-stick-meta":"","astra-migrate-meta-layouts":"set","ast-page-background-enabled":"default","ast-page-background-meta":{"desktop":{"background-color":"var(--ast-global-color-4)","background-image":"","background-repeat":"repeat","background-position":"center center","background-size":"auto","background-attachment":"scroll","background-type":"","background-media":"","overlay-type":"","overlay-color":"","overlay-opacity":"","overlay-gradient":""},"tablet":{"background-color":"","background-image":"","background-repeat":"repeat","background-position":"center center","background-size":"auto","background-attachment":"scroll","background-type":"","background-media":"","overlay-type":"","overlay-color":"","overlay-opacity":"","overlay-gradient":""},"mobile":{"background-color":"","background-image":"","background-repeat":"repeat","background-position":"center center","background-size":"auto","background-attachment":"scroll","background-type":"","background-media":"","overlay-type":"","overlay-color":"","overlay-opacity":"","overlay-gradient":""}},"ast-content-background-meta":{"desktop":{"background-color":"var(--ast-global-color-5)","background-image":"","background-repeat":"repeat","background-position":"center center","background-size":"auto","background-attachment":"scroll","background-type":"","background-media":"","overlay-type":"","overlay-color":"","overlay-opacity":"","overlay-gradient":""},"tablet":{"background-color":"var(--ast-global-color-5)","background-image":"","background-repeat":"repeat","background-position":"center center","background-size":"auto","background-attachment":"scroll","background-type":"","background-media":"","overlay-type":"","overlay-color":"","overlay-opacity":"","overlay-gradient":""},"mobile":{"background-color":"var(--ast-global-color-5)","background-image":"","background-repeat":"repeat","background-position":"center center","background-size":"auto","background-attachment":"scroll","background-type":"","background-media":"","overlay-type":"","overlay-color":"","overlay-opacity":"","overlay-gradient":""}}},"product_brand":[],"product_cat":[24],"product_tag":[],"giftcard-category":[],"class_list":{"0":"post-32772","1":"product","2":"type-product","3":"status-publish","4":"has-post-thumbnail","6":"product_cat-menu-pair_duo","7":"desktop-align-center","8":"tablet-align-left","9":"mobile-align-left","11":"first","12":"instock","13":"sold-individually","14":"shipping-taxable","15":"purchasable","16":"product-type-variable"},"publishpress_future_action":{"enabled":true,"date":"2026-04-17 08:00:00","action":"change-status","newStatus":"draft","terms":[0],"taxonomy":"product_type","extraData":[]},"publishpress_future_workflow_manual_trigger":{"enabledWorkflows":[]},"_links":{"self":[{"href":"https:\/\/crousandgo.crous-nantes.fr\/nantes\/wp-json\/wp\/v2\/product\/32772","targetHints":{"allow":["GET"]}}],"collection":[{"href":"https:\/\/crousandgo.crous-nantes.fr\/nantes\/wp-json\/wp\/v2\/product"}],"about":[{"href":"https:\/\/crousandgo.crous-nantes.fr\/nantes\/wp-json\/wp\/v2\/types\/product"}],"version-history":[{"count":21,"href":"https:\/\/crousandgo.crous-nantes.fr\/nantes\/wp-json\/wp\/v2\/product\/32772\/revisions"}],"predecessor-version":[{"id":34929,"href":"https:\/\/crousandgo.crous-nantes.fr\/nantes\/wp-json\/wp\/v2\/product\/32772\/revisions\/34929"}],"wp:featuredmedia":[{"embeddable":true,"href":"https:\/\/crousandgo.crous-nantes.fr\/nantes\/wp-json\/wp\/v2\/media\/25274"}],"wp:attachment":[{"href":"https:\/\/crousandgo.crous-nantes.fr\/nantes\/wp-json\/wp\/v2\/media?parent=32772"}],"wp:term":[{"taxonomy":"product_brand","embeddable":true,"href":"https:\/\/crousandgo.crous-nantes.fr\/nantes\/wp-json\/wp\/v2\/product_brand?post=32772"},{"taxonomy":"product_cat","embeddable":true,"href":"https:\/\/crousandgo.crous-nantes.fr\/nantes\/wp-json\/wp\/v2\/product_cat?post=32772"},{"taxonomy":"product_tag","embeddable":true,"href":"https:\/\/crousandgo.crous-nantes.fr\/nantes\/wp-json\/wp\/v2\/product_tag?post=32772"},{"taxonomy":"giftcard-category","embeddable":true,"href":"https:\/\/crousandgo.crous-nantes.fr\/nantes\/wp-json\/wp\/v2\/giftcard-category?post=32772"}],"curies":[{"name":"wp","href":"https:\/\/api.w.org\/{rel}","templated":true}]}}