{"id":32865,"date":"2026-04-10T08:00:48","date_gmt":"2026-04-10T06:00:48","guid":{"rendered":"https:\/\/crousandgo.crous-nantes.fr\/nantes\/?post_type=product&#038;p=32865"},"modified":"2026-04-09T11:17:43","modified_gmt":"2026-04-09T09:17:43","slug":"5-salade-vendredi-17-avril","status":"publish","type":"product","link":"https:\/\/crousandgo.crous-nantes.fr\/nantes\/produit\/5-salade-vendredi-17-avril\/","title":{"rendered":"5 &#8211; Salade &#8211; Vendredi 17 Avril"},"content":{"rendered":"<p>Allerg\u00e8nes salade fra\u00eecheur : Gluten<\/p>\n<p>Allerg\u00e8nes salade du moment : Gluten, Sulfites<\/p>\n<p>&nbsp;<\/p>\n","protected":false},"excerpt":{"rendered":"<p>Salade fra\u00eecheur : Salade, bl\u00e9, tomate, concombre, poivron, falafel<br \/>\nou<br \/>\nSalade du mois : Salade tha\u00ef (Nouilles chinoise, bouch\u00e9es tha\u00ee, carottes, f\u00e8ves, salade batavia, ma\u00efs, coriandre, ail, \u00e9pices tha\u00ef)<\/p>\n","protected":false},"featured_media":32336,"template":"","meta":{"_eb_attr":"","site-sidebar-layout":"default","site-content-layout":"","ast-site-content-layout":"default","site-content-style":"default","site-sidebar-style":"default","ast-global-header-display":"","ast-banner-title-visibility":"","ast-main-header-display":"","ast-hfb-above-header-display":"","ast-hfb-below-header-display":"","ast-hfb-mobile-header-display":"","site-post-title":"","ast-breadcrumbs-content":"","ast-featured-img":"","footer-sml-layout":"","ast-disable-related-posts":"","theme-transparent-header-meta":"default","adv-header-id-meta":"","stick-header-meta":"","header-above-stick-meta":"","header-main-stick-meta":"","header-below-stick-meta":"","astra-migrate-meta-layouts":"set","ast-page-background-enabled":"default","ast-page-background-meta":{"desktop":{"background-color":"var(--ast-global-color-4)","background-image":"","background-repeat":"repeat","background-position":"center center","background-size":"auto","background-attachment":"scroll","background-type":"","background-media":"","overlay-type":"","overlay-color":"","overlay-opacity":"","overlay-gradient":""},"tablet":{"background-color":"","background-image":"","background-repeat":"repeat","background-position":"center center","background-size":"auto","background-attachment":"scroll","background-type":"","background-media":"","overlay-type":"","overlay-color":"","overlay-opacity":"","overlay-gradient":""},"mobile":{"background-color":"","background-image":"","background-repeat":"repeat","background-position":"center center","background-size":"auto","background-attachment":"scroll","background-type":"","background-media":"","overlay-type":"","overlay-color":"","overlay-opacity":"","overlay-gradient":""}},"ast-content-background-meta":{"desktop":{"background-color":"var(--ast-global-color-5)","background-image":"","background-repeat":"repeat","background-position":"center center","background-size":"auto","background-attachment":"scroll","background-type":"","background-media":"","overlay-type":"","overlay-color":"","overlay-opacity":"","overlay-gradient":""},"tablet":{"background-color":"var(--ast-global-color-5)","background-image":"","background-repeat":"repeat","background-position":"center center","background-size":"auto","background-attachment":"scroll","background-type":"","background-media":"","overlay-type":"","overlay-color":"","overlay-opacity":"","overlay-gradient":""},"mobile":{"background-color":"var(--ast-global-color-5)","background-image":"","background-repeat":"repeat","background-position":"center center","background-size":"auto","background-attachment":"scroll","background-type":"","background-media":"","overlay-type":"","overlay-color":"","overlay-opacity":"","overlay-gradient":""}}},"product_brand":[],"product_cat":[35],"product_tag":[],"giftcard-category":[],"class_list":{"0":"post-32865","1":"product","2":"type-product","3":"status-publish","4":"has-post-thumbnail","6":"product_cat-menu-pair_salade","7":"desktop-align-center","8":"tablet-align-left","9":"mobile-align-left","11":"first","12":"instock","13":"sold-individually","14":"shipping-taxable","15":"purchasable","16":"product-type-variable"},"publishpress_future_action":{"enabled":true,"date":"2026-04-17 08:00:00","action":"change-status","newStatus":"draft","terms":[0],"taxonomy":"product_type","extraData":[]},"publishpress_future_workflow_manual_trigger":{"enabledWorkflows":[]},"_links":{"self":[{"href":"https:\/\/crousandgo.crous-nantes.fr\/nantes\/wp-json\/wp\/v2\/product\/32865","targetHints":{"allow":["GET"]}}],"collection":[{"href":"https:\/\/crousandgo.crous-nantes.fr\/nantes\/wp-json\/wp\/v2\/product"}],"about":[{"href":"https:\/\/crousandgo.crous-nantes.fr\/nantes\/wp-json\/wp\/v2\/types\/product"}],"version-history":[{"count":19,"href":"https:\/\/crousandgo.crous-nantes.fr\/nantes\/wp-json\/wp\/v2\/product\/32865\/revisions"}],"predecessor-version":[{"id":35297,"href":"https:\/\/crousandgo.crous-nantes.fr\/nantes\/wp-json\/wp\/v2\/product\/32865\/revisions\/35297"}],"wp:featuredmedia":[{"embeddable":true,"href":"https:\/\/crousandgo.crous-nantes.fr\/nantes\/wp-json\/wp\/v2\/media\/32336"}],"wp:attachment":[{"href":"https:\/\/crousandgo.crous-nantes.fr\/nantes\/wp-json\/wp\/v2\/media?parent=32865"}],"wp:term":[{"taxonomy":"product_brand","embeddable":true,"href":"https:\/\/crousandgo.crous-nantes.fr\/nantes\/wp-json\/wp\/v2\/product_brand?post=32865"},{"taxonomy":"product_cat","embeddable":true,"href":"https:\/\/crousandgo.crous-nantes.fr\/nantes\/wp-json\/wp\/v2\/product_cat?post=32865"},{"taxonomy":"product_tag","embeddable":true,"href":"https:\/\/crousandgo.crous-nantes.fr\/nantes\/wp-json\/wp\/v2\/product_tag?post=32865"},{"taxonomy":"giftcard-category","embeddable":true,"href":"https:\/\/crousandgo.crous-nantes.fr\/nantes\/wp-json\/wp\/v2\/giftcard-category?post=32865"}],"curies":[{"name":"wp","href":"https:\/\/api.w.org\/{rel}","templated":true}]}}